{"id":3041,"date":"2026-03-05T14:39:07","date_gmt":"2026-03-05T14:39:07","guid":{"rendered":"https:\/\/thebarrelqcompany.com\/?page_id=3041"},"modified":"2026-03-05T14:43:29","modified_gmt":"2026-03-05T14:43:29","slug":"politique-environnementale","status":"publish","type":"page","link":"https:\/\/thebarrelqcompany.com\/fr\/environmental-policy\/","title":{"rendered":"Politique environnementale"},"content":{"rendered":"<div data-elementor-type=\"wp-page\" data-elementor-id=\"3041\" class=\"elementor elementor-3041\" data-elementor-post-type=\"page\">\n\t\t\t\t<div class=\"elementor-element elementor-element-33a59cc e-flex e-con-boxed e-con e-parent\" data-id=\"33a59cc\" data-element_type=\"container\" data-e-type=\"container\" data-settings=\"{&quot;jet_parallax_layout_list&quot;:[]}\">\n\t\t\t\t\t<div class=\"e-con-inner\">\n\t\t\t\t<div class=\"elementor-element elementor-element-6ebc5d9 elementor-widget elementor-widget-text-editor\" data-id=\"6ebc5d9\" data-element_type=\"widget\" data-e-type=\"widget\" data-widget_type=\"text-editor.default\">\n\t\t\t\t<div class=\"elementor-widget-container\">\n\t\t\t\t\t\t\t\t\t<p><strong>\u00a0Introduction<\/strong><\/p><p>BarrelQ International B.V., un pilier de l'industrie promotionnelle, est in\u00e9branlable dans son engagement pour la gestion de l'environnement et les pratiques commerciales durables. Alors que nous naviguons dans les complexit\u00e9s du paysage mondial actuel, nous reconnaissons le r\u00f4le essentiel que jouent les entreprises dans le fa\u00e7onnement de l'avenir de notre plan\u00e8te. BarrelQ International B.V. est \u00e0 l'avant-garde de cette responsabilit\u00e9, reconnaissant l'interconnexion de nos actions avec le bien-\u00eatre de l'environnement.<\/p><p>\u00c0 une \u00e9poque o\u00f9 les d\u00e9fis environnementaux sont omnipr\u00e9sents, BarrelQ International B.V. assume la responsabilit\u00e9 de montrer l'exemple. Notre d\u00e9vouement va au-del\u00e0 du respect des lois et des r\u00e9glementations ; il se traduit par un engagement proactif visant \u00e0 minimiser notre empreinte \u00e9cologique. En int\u00e9grant les consid\u00e9rations environnementales dans le tissu de nos activit\u00e9s commerciales, nous ne nous contentons pas d'assumer nos responsabilit\u00e9s d'entreprise, mais nous contribuons \u00e9galement \u00e0 un avenir plus radieux et plus durable.<\/p><p><strong>Am\u00e9lioration continue<\/strong><br \/>L'am\u00e9lioration de l'environnement est un processus continu au sein de BarrelQ International B.V. L'entreprise examine p\u00e9riodiquement les possibilit\u00e9s d'am\u00e9liorer l'efficacit\u00e9 \u00e9nerg\u00e9tique et de r\u00e9duire les d\u00e9chets, en tenant compte de l'\u00e9chelle et de la nature de ses activit\u00e9s. Dans la mesure du possible, des am\u00e9liorations pratiques sont mises en \u0153uvre dans le cadre des activit\u00e9s quotidiennes. Cette approche refl\u00e8te l'engagement de BarrelQ International B.V. en faveur de pratiques commerciales responsables et durables.<\/p><p><strong>Conservation des ressources :<\/strong><\/p><p>BarrelQ International B.V. est fi\u00e8re de produire 90% de ses produits localement, au sein du BeNeLux et de l'Union europ\u00e9enne. Au-del\u00e0 des consid\u00e9rations g\u00e9ographiques, nous nous engageons activement avec des partenaires qui partagent nos valeurs, favorisant ainsi une cha\u00eene d'approvisionnement ancr\u00e9e dans la durabilit\u00e9. Notre objectif est d'atteindre 100% de production locale, ce qui t\u00e9moigne de notre engagement \u00e0 minimiser la consommation de ressources et \u00e0 soutenir les \u00e9conomies locales.<\/p><p>Dans notre qu\u00eate de pr\u00e9servation des ressources, nous reconnaissons que les pratiques durables vont de pair avec l'engagement des fournisseurs. Bien que nous privil\u00e9gions actuellement la proximit\u00e9 g\u00e9ographique, nous envisageons de collaborer \u00e0 l'avenir avec des fournisseurs qui appliquent des pratiques respectueuses de l'environnement, en adoptant \u00e9ventuellement des certifications et des normes industrielles.<\/p><p><strong>R\u00e9duction et gestion des d\u00e9chets<\/strong><\/p><p>La r\u00e9duction des d\u00e9chets fait partie int\u00e9grante de notre programme environnemental. Au-del\u00e0 de la pratique louable du tri des d\u00e9chets dans nos bureaux, nous explorons les possibilit\u00e9s de mat\u00e9riaux d'emballage durables. BarrelQ International B.V. utilise des cartons durables pour ses emballages, ce qui illustre notre engagement \u00e0 minimiser les d\u00e9chets et \u00e0 promouvoir des alternatives respectueuses de l'environnement.<\/p><p>Alors que nous \u00e9valuons en permanence nos pratiques en mati\u00e8re d'emballage, nous mettons l'accent sur l'innovation. Nous voulons \u00eatre \u00e0 la pointe du d\u00e9veloppement et de l'adoption de mat\u00e9riaux d'emballage qui non seulement r\u00e9duisent notre impact sur l'environnement, mais \u00e9tablissent \u00e9galement des r\u00e9f\u00e9rences industrielles en mati\u00e8re d'emballage durable.<\/p><p><strong>Conception et cycle de vie des produits<\/strong><\/p><p>Dans notre gamme actuelle de barils et d'accessoires, nous reconnaissons l'importance de prendre en compte les facteurs environnementaux lors de la conception et tout au long du cycle de vie du produit. Bien que nous nous concentrions dans l'imm\u00e9diat sur ces produits, nous restons ouverts \u00e0 l'exploration d'autres mat\u00e9riaux durables pour de futures gammes de produits.<\/p><p>La complexit\u00e9 du reconditionnement des f\u00fbts nous a incit\u00e9s \u00e0 examiner de pr\u00e8s la durabilit\u00e9 de ce processus. Nous utilisons actuellement des f\u00fbts contenant de l'acier recycl\u00e9 et nous sommes m\u00e9ticuleux dans notre approche, en \u00e9valuant l'impact sur l'environnement et la durabilit\u00e9. Cette diligence refl\u00e8te notre engagement \u00e0 concilier innovation et responsabilit\u00e9 environnementale.<\/p><p><strong>Engagement des fournisseurs<\/strong><\/p><p>Notre engagement en faveur du d\u00e9veloppement durable s'\u00e9tend \u00e0 nos fournisseurs. Bien que nous encouragions actuellement la sensibilisation aux pratiques durables, l'\u00e9volution du paysage nous incite \u00e0 \u00e9tudier l'int\u00e9gration de crit\u00e8res et de normes sp\u00e9cifiques pour les fournisseurs. En envisageant des certifications industrielles, BarrelQ International B.V. vise \u00e0 \u00e9tablir des r\u00e9f\u00e9rences en mati\u00e8re de pratiques respectueuses de l'environnement au sein de notre cha\u00eene d'approvisionnement.<\/p><p><strong>Engagement et formation des employ\u00e9s<\/strong><\/p><p>BarrelQ International B.V. reconna\u00eet que la promotion d'une culture de la durabilit\u00e9 commence par les membres de son \u00e9quipe. La mise en \u0153uvre de programmes de formation vise \u00e0 combler le foss\u00e9 entre la prise de conscience et la connaissance pratique. En donnant \u00e0 nos employ\u00e9s les moyens de comprendre leur impact, nous envisageons une \u00e9quipe qui contribue activement \u00e0 la r\u00e9alisation de nos objectifs environnementaux.<\/p><p>Lorsque nous planifions des programmes de formation, nous nous engageons \u00e0 travailler en partenariat avec des experts et des organisations sp\u00e9cialis\u00e9s dans l'\u00e9ducation \u00e0 l'environnement. En tirant parti de l'expertise externe, nous enrichissons l'exp\u00e9rience de la formation, en veillant \u00e0 ce que notre \u00e9quipe re\u00e7oive les informations les plus compl\u00e8tes et les plus r\u00e9centes sur les meilleures pratiques environnementales.<\/p><p><strong>Communication et transparence<\/strong><\/p><p>La transparence est primordiale dans notre d\u00e9marche environnementale. Alors que notre site web est en cours de construction, la section d\u00e9di\u00e9e servira de plateforme compl\u00e8te. Au-del\u00e0 d'une simple vitrine d'initiatives, la section englobera les principales mesures de performance, les r\u00e9alisations, les efforts en cours et les histoires qui d\u00e9finissent notre engagement en mati\u00e8re de responsabilit\u00e9 environnementale.<\/p><p>Le lancement de cette section \u00e0 la fin de l'ann\u00e9e refl\u00e8te notre volont\u00e9 de fournir aux parties prenantes une vision ouverte et transparente des initiatives environnementales de BarrelQ International B.V. En tirant parti de notre pr\u00e9sence en ligne, nous souhaitons engager notre communaut\u00e9 dans un dialogue sur le d\u00e9veloppement durable, en invitant \u00e0 la collaboration et au partage des responsabilit\u00e9s.<\/p><p><strong>Pr\u00e9paration aux situations d'urgence<\/strong><\/p><p>Conscient de l'impr\u00e9visibilit\u00e9 des urgences environnementales, BarrelQ International B.V. d\u00e9veloppe activement des plans d'urgence. Bien que des sc\u00e9narios sp\u00e9cifiques n'aient pas encore \u00e9t\u00e9 identifi\u00e9s, notre engagement est de nous assurer que notre organisation est pr\u00eate \u00e0 r\u00e9pondre efficacement \u00e0 tout incident environnemental impr\u00e9vu. Cette approche proactive t\u00e9moigne de notre d\u00e9vouement \u00e0 la s\u00e9curit\u00e9 et au bien-\u00eatre de notre \u00e9quipe et de l'environnement.<\/p><p><strong>Sensibilisation au carbone et au climat<\/strong><\/p><p>BarrelQ International B.V. reconna\u00eet que ses activit\u00e9s contribuent indirectement aux \u00e9missions de carbone, principalement par la consommation d'\u00e9nergie et le transport. Compte tenu de la taille et de la nature de l'entreprise, les aspects li\u00e9s au carbone sont pris en compte \u00e0 un niveau de sensibilisation de base. Les possibilit\u00e9s de r\u00e9duire l'impact environnemental sont examin\u00e9es de mani\u00e8re pragmatique dans le cadre des d\u00e9cisions op\u00e9rationnelles quotidiennes.<\/p><p><strong>Examen et responsabilit\u00e9<\/strong><\/p><p>Les r\u00e9visions annuelles de notre politique environnementale font partie int\u00e9grante de notre engagement en faveur d'une pertinence et d'une efficacit\u00e9 constantes. Gerben Bierbooms, en collaboration avec l'ensemble de l'\u00e9quipe, assume la responsabilit\u00e9 de superviser la mise en \u0153uvre et le respect de cette politique. En encourageant un sens collectif de la responsabilit\u00e9, BarrelQ International B.V. s'efforce d'am\u00e9liorer continuellement ses performances environnementales.<\/p><p><strong>Conclusion<\/strong><\/p><p>En conclusion, BarrelQ International B.V. s'engage fermement \u00e0 \u00eatre une entreprise citoyenne responsable. Cette politique environnementale n'est pas simplement un ensemble de lignes directrices, c'est un t\u00e9moignage vivant de notre engagement en faveur de l'excellence environnementale. Notre parcours est caract\u00e9ris\u00e9 par un m\u00e9lange d'innovation, de responsabilit\u00e9 et de croyance profonde dans l'impact positif que les entreprises peuvent avoir sur l'environnement.<\/p><p>Alors que nous naviguons dans les complexit\u00e9s de notre industrie, nous restons engag\u00e9s \u00e0 \u00e9tablir de nouveaux standards, \u00e0 d\u00e9fier les normes et \u00e0 inspirer des changements positifs. BarrelQ International B.V. n'est pas seulement une entreprise ; c'est une force pour le bien, d\u00e9di\u00e9e \u00e0 la protection de l'environnement pour les g\u00e9n\u00e9rations actuelles et futures. Par nos actions, nous visons \u00e0 \u00eatre un phare de la durabilit\u00e9, \u00e9clairant la voie vers un monde plus vert et plus prosp\u00e8re.<\/p>\t\t\t\t\t\t\t\t<\/div>\n\t\t\t\t<\/div>\n\t\t\t\t\t<\/div>\n\t\t\t\t<\/div>\n\t\t\t\t<\/div>","protected":false},"excerpt":{"rendered":"<p>\u00a0Introduction BarrelQ International B.V., a stalwart in the promotional industry, is unwavering in its commitment to environmental stewardship and sustainable business practices. As we navigate the complexities of today&#8217;s global landscape, we recognize the pivotal role businesses play in shaping the future of our planet. BarrelQ International B.V. stands at the forefront of this responsibility, [&hellip;]<\/p>\n","protected":false},"author":2,"featured_media":0,"parent":0,"menu_order":0,"comment_status":"closed","ping_status":"closed","template":"","meta":{"footnotes":""},"class_list":["post-3041","page","type-page","status-publish","hentry"],"_links":{"self":[{"href":"https:\/\/thebarrelqcompany.com\/fr\/wp-json\/wp\/v2\/pages\/3041","targetHints":{"allow":["GET"]}}],"collection":[{"href":"https:\/\/thebarrelqcompany.com\/fr\/wp-json\/wp\/v2\/pages"}],"about":[{"href":"https:\/\/thebarrelqcompany.com\/fr\/wp-json\/wp\/v2\/types\/page"}],"author":[{"embeddable":true,"href":"https:\/\/thebarrelqcompany.com\/fr\/wp-json\/wp\/v2\/users\/2"}],"replies":[{"embeddable":true,"href":"https:\/\/thebarrelqcompany.com\/fr\/wp-json\/wp\/v2\/comments?post=3041"}],"version-history":[{"count":4,"href":"https:\/\/thebarrelqcompany.com\/fr\/wp-json\/wp\/v2\/pages\/3041\/revisions"}],"predecessor-version":[{"id":3045,"href":"https:\/\/thebarrelqcompany.com\/fr\/wp-json\/wp\/v2\/pages\/3041\/revisions\/3045"}],"wp:attachment":[{"href":"https:\/\/thebarrelqcompany.com\/fr\/wp-json\/wp\/v2\/media?parent=3041"}],"curies":[{"name":"wp","href":"https:\/\/api.w.org\/{rel}","templated":true}]}}