{"id":3034,"date":"2026-03-05T14:22:21","date_gmt":"2026-03-05T14:22:21","guid":{"rendered":"https:\/\/thebarrelqcompany.com\/?page_id=3034"},"modified":"2026-03-05T14:24:44","modified_gmt":"2026-03-05T14:24:44","slug":"code-de-conduite-pour-les-fournisseurs-et-les-partenaires","status":"publish","type":"page","link":"https:\/\/thebarrelqcompany.com\/fr\/code-of-conduct-for-suppliers-and-partners\/","title":{"rendered":"Code de conduite pour les fournisseurs et les partenaires"},"content":{"rendered":"<div data-elementor-type=\"wp-page\" data-elementor-id=\"3034\" class=\"elementor elementor-3034\" data-elementor-post-type=\"page\">\n\t\t\t\t<div class=\"elementor-element elementor-element-6b6f9f4 e-flex e-con-boxed e-con e-parent\" data-id=\"6b6f9f4\" data-element_type=\"container\" data-e-type=\"container\" data-settings=\"{&quot;jet_parallax_layout_list&quot;:[]}\">\n\t\t\t\t\t<div class=\"e-con-inner\">\n\t\t\t\t<div class=\"elementor-element elementor-element-ada92aa elementor-widget elementor-widget-text-editor\" data-id=\"ada92aa\" data-element_type=\"widget\" data-e-type=\"widget\" data-widget_type=\"text-editor.default\">\n\t\t\t\t<div class=\"elementor-widget-container\">\n\t\t\t\t\t\t\t\t\t<p><strong>Introduction<\/strong><\/p><p>The BarrelQ Company s'engage \u00e0 mener ses activit\u00e9s de mani\u00e8re \u00e9thique et dans le respect de toutes les lois et r\u00e9glementations en vigueur. Ce code de conduite d\u00e9crit les principes et les normes que la soci\u00e9t\u00e9 BarrelQ attend de ses fournisseurs et de ses partenaires dans le cadre de leurs activit\u00e9s commerciales.<\/p><p><strong>Respect des lois et r\u00e8glements\u00a0\u00a0\u00a0\u00a0\u00a0\u00a0\u00a0\u00a0\u00a0\u00a0\u00a0\u00a0\u00a0\u00a0\u00a0\u00a0\u00a0\u00a0\u00a0\u00a0\u00a0\u00a0\u00a0\u00a0\u00a0\u00a0\u00a0\u00a0\u00a0\u00a0\u00a0\u00a0\u00a0\u00a0\u00a0\u00a0\u00a0\u00a0\u00a0\u00a0\u00a0\u00a0\u00a0\u00a0\u00a0\u00a0\u00a0\u00a0\u00a0\u00a0\u00a0\u00a0\u00a0\u00a0\u00a0\u00a0\u00a0\u00a0\u00a0 <\/strong><\/p><p>Les fournisseurs et les partenaires doivent se conformer \u00e0 toutes les lois et r\u00e9glementations locales, nationales et internationales applicables, en mettant particuli\u00e8rement l'accent sur celles qui concernent l'Union europ\u00e9enne. Cela inclut, sans s'y limiter, les lois relatives au travail, \u00e0 l'environnement, \u00e0 la sant\u00e9 et \u00e0 la s\u00e9curit\u00e9, ainsi qu'\u00e0 la lutte contre la corruption.<\/p><p><strong>Normes du travail<\/strong><\/p><p>Les fournisseurs et les partenaires doivent respecter les droits fondamentaux du travail, y compris le droit de s'associer librement, le droit \u00e0 la n\u00e9gociation collective et l'interdiction du travail forc\u00e9 et du travail des enfants, conform\u00e9ment aux normes de l'Organisation internationale du travail (OIT).<\/p><p><strong>Conditions de travail<\/strong><\/p><p>Les fournisseurs et les partenaires sont tenus d'offrir \u00e0 leurs employ\u00e9s des conditions de travail s\u00fbres et saines, notamment en se conformant aux lois et r\u00e9glementations applicables en mati\u00e8re de sant\u00e9 et de s\u00e9curit\u00e9 au travail.<\/p><p><strong>Lutte contre la corruption<\/strong><\/p><p>Les fournisseurs et les partenaires ne doivent se livrer \u00e0 aucune forme de corruption, d'extorsion ou d'autres pratiques commerciales contraires \u00e0 l'\u00e9thique. Toutes les transactions commerciales doivent \u00eatre transparentes et men\u00e9es avec int\u00e9grit\u00e9.<\/p><p><strong>Responsabilit\u00e9 environnementale<\/strong><\/p><p>Les fournisseurs et les partenaires doivent respecter les lois et les r\u00e9glementations environnementales, minimiser l'impact sur l'environnement et promouvoir des pratiques durables. Cela comprend l'\u00e9limination correcte des d\u00e9chets, l'efficacit\u00e9 \u00e9nerg\u00e9tique et l'approvisionnement responsable en mat\u00e9riaux.<\/p><p><strong>Confidentialit\u00e9 et propri\u00e9t\u00e9 intellectuelle<\/strong><\/p><p>Les fournisseurs et les partenaires doivent respecter et prot\u00e9ger la confidentialit\u00e9 et la propri\u00e9t\u00e9 intellectuelle de The BarrelQ Company et de ses clients. Toute utilisation ou divulgation non autoris\u00e9e d'informations confidentielles est strictement interdite.<\/p><p><strong>Concurrence loyale<\/strong><\/p><p>Les fournisseurs et les partenaires doivent promouvoir une concurrence loyale et respecter les lois antitrust et les lois sur la concurrence. Les pratiques telles que la fixation des prix, le truquage des offres et autres comportements anticoncurrentiels sont strictement interdites.<\/p><p><strong>Signalement des infractions<\/strong><\/p><p>Les fournisseurs et les partenaires sont encourag\u00e9s \u00e0 signaler rapidement \u00e0 The BarrelQ Company toute violation de ce code de conduite. The BarrelQ Company s'engage \u00e0 enqu\u00eater sur les violations signal\u00e9es et \u00e0 y rem\u00e9dier de mani\u00e8re \u00e9quitable et rapide.<\/p><p>\u00a0<\/p><p>\u00a0<\/p><p>Alignement sur SMETA et ETI<br \/>Ce code de conduite est align\u00e9 sur le code de base de l'ETI et contribue \u00e0 la conformit\u00e9 avec les exigences du SMETA (Sedex Members Ethical Trade Audit).<\/p><p><br \/>Audits et contr\u00f4les<br \/>La soci\u00e9t\u00e9 BarrelQ se r\u00e9serve le droit d'\u00e9valuer et de contr\u00f4ler la conformit\u00e9 de ses fournisseurs et partenaires avec le pr\u00e9sent code de conduite. Il peut s'agir d'auto-\u00e9valuations, d'examens de documents ou d'audits, y compris d'audits bas\u00e9s sur le syst\u00e8me SMETA, men\u00e9s directement ou par des tiers. Les fournisseurs et les partenaires sont tenus de coop\u00e9rer pleinement \u00e0 ces \u00e9valuations.<\/p>\t\t\t\t\t\t\t\t<\/div>\n\t\t\t\t<\/div>\n\t\t\t\t\t<\/div>\n\t\t\t\t<\/div>\n\t\t\t\t<\/div>","protected":false},"excerpt":{"rendered":"<p>Introduction The BarrelQ Company is committed to conducting its business ethically and in compliance with all applicable laws and regulations. This Code of Conduct outlines the principles and standards that The BarrelQ Company expects its suppliers and partners to adhere to in their business activities. Compliance with Laws and Regulations\u00a0\u00a0\u00a0\u00a0\u00a0\u00a0\u00a0\u00a0\u00a0\u00a0\u00a0\u00a0\u00a0\u00a0\u00a0\u00a0\u00a0\u00a0\u00a0\u00a0\u00a0\u00a0\u00a0\u00a0\u00a0\u00a0\u00a0\u00a0\u00a0\u00a0\u00a0\u00a0\u00a0\u00a0\u00a0\u00a0\u00a0\u00a0\u00a0\u00a0\u00a0\u00a0\u00a0\u00a0\u00a0\u00a0\u00a0\u00a0\u00a0\u00a0\u00a0\u00a0\u00a0\u00a0\u00a0\u00a0\u00a0\u00a0\u00a0 Suppliers and partners must comply [&hellip;]<\/p>\n","protected":false},"author":2,"featured_media":0,"parent":0,"menu_order":0,"comment_status":"closed","ping_status":"closed","template":"","meta":{"footnotes":""},"class_list":["post-3034","page","type-page","status-publish","hentry"],"_links":{"self":[{"href":"https:\/\/thebarrelqcompany.com\/fr\/wp-json\/wp\/v2\/pages\/3034","targetHints":{"allow":["GET"]}}],"collection":[{"href":"https:\/\/thebarrelqcompany.com\/fr\/wp-json\/wp\/v2\/pages"}],"about":[{"href":"https:\/\/thebarrelqcompany.com\/fr\/wp-json\/wp\/v2\/types\/page"}],"author":[{"embeddable":true,"href":"https:\/\/thebarrelqcompany.com\/fr\/wp-json\/wp\/v2\/users\/2"}],"replies":[{"embeddable":true,"href":"https:\/\/thebarrelqcompany.com\/fr\/wp-json\/wp\/v2\/comments?post=3034"}],"version-history":[{"count":3,"href":"https:\/\/thebarrelqcompany.com\/fr\/wp-json\/wp\/v2\/pages\/3034\/revisions"}],"predecessor-version":[{"id":3037,"href":"https:\/\/thebarrelqcompany.com\/fr\/wp-json\/wp\/v2\/pages\/3034\/revisions\/3037"}],"wp:attachment":[{"href":"https:\/\/thebarrelqcompany.com\/fr\/wp-json\/wp\/v2\/media?parent=3034"}],"curies":[{"name":"wp","href":"https:\/\/api.w.org\/{rel}","templated":true}]}}