{"id":3041,"date":"2026-03-05T14:39:07","date_gmt":"2026-03-05T14:39:07","guid":{"rendered":"https:\/\/thebarrelqcompany.com\/?page_id=3041"},"modified":"2026-03-05T14:43:29","modified_gmt":"2026-03-05T14:43:29","slug":"politica-medioambiental","status":"publish","type":"page","link":"https:\/\/thebarrelqcompany.com\/es\/environmental-policy\/","title":{"rendered":"Pol\u00edtica medioambiental"},"content":{"rendered":"<div data-elementor-type=\"wp-page\" data-elementor-id=\"3041\" class=\"elementor elementor-3041\" data-elementor-post-type=\"page\">\n\t\t\t\t<div class=\"elementor-element elementor-element-33a59cc e-flex e-con-boxed e-con e-parent\" data-id=\"33a59cc\" data-element_type=\"container\" data-e-type=\"container\" data-settings=\"{&quot;jet_parallax_layout_list&quot;:[]}\">\n\t\t\t\t\t<div class=\"e-con-inner\">\n\t\t\t\t<div class=\"elementor-element elementor-element-6ebc5d9 elementor-widget elementor-widget-text-editor\" data-id=\"6ebc5d9\" data-element_type=\"widget\" data-e-type=\"widget\" data-widget_type=\"text-editor.default\">\n\t\t\t\t<div class=\"elementor-widget-container\">\n\t\t\t\t\t\t\t\t\t<p><strong>\u00a0Introducci\u00f3n<\/strong><\/p><p>BarrelQ International B.V., un incondicional de la industria promocional, es inquebrantable en su compromiso con la gesti\u00f3n medioambiental y las pr\u00e1cticas empresariales sostenibles. Al navegar por las complejidades del panorama mundial actual, reconocemos el papel fundamental que desempe\u00f1an las empresas en la configuraci\u00f3n del futuro de nuestro planeta. BarrelQ International B.V. est\u00e1 a la vanguardia de esta responsabilidad, reconociendo la interconexi\u00f3n de nuestras acciones con el bienestar del medio ambiente.<\/p><p>En una \u00e9poca en la que los retos medioambientales est\u00e1n siempre presentes, BarrelQ International B.V. asume la responsabilidad de predicar con el ejemplo. Nuestra dedicaci\u00f3n va m\u00e1s all\u00e1 del cumplimiento de las leyes y normativas; trasciende a un compromiso proactivo para minimizar nuestra huella ecol\u00f3gica. Al integrar las consideraciones medioambientales en el tejido de nuestras operaciones empresariales, no s\u00f3lo cumplimos con nuestras responsabilidades corporativas, sino que tambi\u00e9n contribuimos a un futuro m\u00e1s brillante y sostenible.<\/p><p><strong>Mejora continua<\/strong><br \/>La mejora medioambiental es un proceso continuo en BarrelQ International B.V. La empresa revisa peri\u00f3dicamente las oportunidades de mejorar la eficiencia energ\u00e9tica y reducir los residuos, teniendo en cuenta la escala y la naturaleza de sus operaciones. En la medida de lo posible, las mejoras pr\u00e1cticas se aplican como parte de las operaciones cotidianas. Este enfoque refleja el compromiso de BarrelQ International B.V. con unas pr\u00e1cticas empresariales responsables y sostenibles.<\/p><p><strong>Conservaci\u00f3n de recursos:<\/strong><\/p><p>BarrelQ International B.V. se enorgullece de producir 90% de sus productos localmente, dentro del BeNeLux y la Uni\u00f3n Europea. M\u00e1s all\u00e1 de las consideraciones geogr\u00e1ficas, colaboramos activamente con socios que comparten nuestros valores, fomentando una cadena de suministro basada en la sostenibilidad. Nuestra aspiraci\u00f3n es alcanzar las 100% de producci\u00f3n local, testimonio de nuestra dedicaci\u00f3n a minimizar el consumo de recursos y apoyar las econom\u00edas locales.<\/p><p>En nuestra b\u00fasqueda de la conservaci\u00f3n de los recursos, reconocemos que las pr\u00e1cticas sostenibles van de la mano del compromiso con los proveedores. Aunque actualmente damos prioridad a la proximidad geogr\u00e1fica, prevemos futuras colaboraciones con proveedores que mantengan pr\u00e1cticas responsables con el medio ambiente, adoptando potencialmente certificaciones y normas del sector.<\/p><p><strong>Reducci\u00f3n y gesti\u00f3n de residuos<\/strong><\/p><p>La reducci\u00f3n de residuos forma parte de nuestro programa medioambiental. M\u00e1s all\u00e1 de la encomiable pr\u00e1ctica de separaci\u00f3n de residuos en nuestra oficina, exploramos v\u00edas para encontrar materiales de envasado sostenibles. BarrelQ International B.V. utiliza cart\u00f3n sostenible para sus envases, lo que ejemplifica nuestro compromiso de minimizar los residuos y promover alternativas ecol\u00f3gicas.<\/p><p>Al evaluar continuamente nuestras pr\u00e1cticas de envasado, nos centramos en la innovaci\u00f3n. Nuestro objetivo es liderar el desarrollo y la adopci\u00f3n de materiales de envasado que no solo reduzcan nuestro impacto ambiental, sino que tambi\u00e9n establezcan puntos de referencia en el sector de los envases sostenibles.<\/p><p><strong>Dise\u00f1o y ciclo de vida del producto<\/strong><\/p><p>En nuestra actual cartera de barriles y complementos, reconocemos la importancia de tener en cuenta los factores medioambientales en el dise\u00f1o y durante todo el ciclo de vida del producto. Aunque nuestro objetivo inmediato son estos productos, seguimos abiertos a explorar materiales sostenibles alternativos para futuras l\u00edneas de productos.<\/p><p>La complejidad del reacondicionamiento de las barricas nos ha llevado a analizar la sostenibilidad de este proceso. Actualmente utilizamos barricas que contienen acero reciclado, y somos meticulosos en nuestro enfoque, sopesando el impacto medioambiental y la durabilidad. Esta diligencia refleja nuestro compromiso de equilibrar la innovaci\u00f3n con la responsabilidad medioambiental.<\/p><p><strong>Compromiso de los proveedores<\/strong><\/p><p>Nuestro compromiso con la sostenibilidad se extiende a nuestros proveedores. Aunque actualmente fomentamos la concienciaci\u00f3n sobre las pr\u00e1cticas sostenibles, la evoluci\u00f3n del panorama nos impulsa a explorar la integraci\u00f3n de criterios y normas espec\u00edficos para los proveedores. BarrelQ International B.V. se propone establecer puntos de referencia para las pr\u00e1cticas responsables con el medio ambiente dentro de nuestra cadena de suministro.<\/p><p><strong>Compromiso de los empleados y formaci\u00f3n<\/strong><\/p><p>BarrelQ International B.V. reconoce que el fomento de una cultura de sostenibilidad empieza por los miembros de nuestro equipo. La implantaci\u00f3n de programas de formaci\u00f3n pretende salvar la distancia entre la concienciaci\u00f3n y el conocimiento pr\u00e1ctico. A medida que dotamos a nuestros empleados de la comprensi\u00f3n de su impacto, prevemos un equipo que contribuya activamente a nuestros objetivos medioambientales.<\/p><p>Al planificar los programas de formaci\u00f3n, nuestro compromiso es asociarnos con expertos y organizaciones especializadas en educaci\u00f3n medioambiental. Al aprovechar los conocimientos externos, enriquecemos la experiencia formativa, garantizando que nuestro equipo reciba la informaci\u00f3n m\u00e1s completa y actualizada sobre las mejores pr\u00e1cticas medioambientales.<\/p><p><strong>Comunicaci\u00f3n y transparencia<\/strong><\/p><p>La transparencia es primordial en nuestro viaje medioambiental. Mientras se construye nuestro sitio web, la secci\u00f3n dedicada a ello servir\u00e1 de plataforma integral. M\u00e1s all\u00e1 de un mero escaparate de iniciativas, la secci\u00f3n abarcar\u00e1 indicadores clave de rendimiento, logros, esfuerzos en curso y las historias que definen nuestro compromiso con la responsabilidad medioambiental.<\/p><p>El lanzamiento de esta secci\u00f3n a finales de a\u00f1o refleja nuestra dedicaci\u00f3n a ofrecer a las partes interesadas una visi\u00f3n abierta y transparente de las iniciativas medioambientales de BarrelQ International B.V.. Al aprovechar nuestra presencia en l\u00ednea, pretendemos involucrar a nuestra comunidad en un di\u00e1logo sobre sostenibilidad, invitando a la colaboraci\u00f3n y a la responsabilidad compartida.<\/p><p><strong>Preparaci\u00f3n para emergencias<\/strong><\/p><p>Reconociendo la imprevisibilidad de las emergencias medioambientales, BarrelQ International B.V. est\u00e1 desarrollando activamente planes de contingencia. Aunque a\u00fan no se han identificado escenarios espec\u00edficos, nuestro compromiso es garantizar que nuestra organizaci\u00f3n est\u00e9 preparada para responder eficazmente a cualquier incidente medioambiental imprevisto. Este enfoque proactivo es un testimonio de nuestra dedicaci\u00f3n a la seguridad y el bienestar de nuestro equipo y del medio ambiente.<\/p><p><strong>Concienciaci\u00f3n sobre el carbono y el clima<\/strong><\/p><p>BarrelQ International B.V. reconoce que sus operaciones contribuyen indirectamente a las emisiones de carbono, principalmente a trav\u00e9s del uso de la energ\u00eda y el transporte. En consonancia con la escala y la naturaleza del negocio, los aspectos relacionados con el carbono se consideran a un nivel de concienciaci\u00f3n b\u00e1sico. Las oportunidades de reducir el impacto medioambiental se revisan de forma pragm\u00e1tica como parte de las decisiones operativas cotidianas.<\/p><p><strong>Revisi\u00f3n y responsabilidad<\/strong><\/p><p>Las revisiones anuales de nuestra Pol\u00edtica Medioambiental son parte integrante de nuestro compromiso con la pertinencia y eficacia constantes. Gerben Bierbooms, en colaboraci\u00f3n con todo el equipo, asume la responsabilidad de supervisar la aplicaci\u00f3n y el cumplimiento de esta pol\u00edtica. Mediante el fomento de un sentido colectivo de la responsabilidad, BarrelQ International B.V. se esfuerza por mejorar continuamente su comportamiento medioambiental.<\/p><p><strong>Conclusi\u00f3n<\/strong><\/p><p>En conclusi\u00f3n, BarrelQ International B.V. se mantiene firme en su compromiso de ser un ciudadano corporativo responsable. Esta Pol\u00edtica Medioambiental no es simplemente un conjunto de directrices; es un testimonio vivo de nuestro compromiso con la excelencia medioambiental. Nuestra trayectoria se caracteriza por una mezcla de innovaci\u00f3n, responsabilidad y una creencia profundamente arraigada en el impacto positivo que las empresas pueden tener en el medio ambiente.<\/p><p>Mientras navegamos por las complejidades de nuestra industria, mantenemos nuestro compromiso de establecer nuevos est\u00e1ndares, desafiar las normas e inspirar cambios positivos. BarrelQ International B.V. no es s\u00f3lo una empresa; es una fuerza del bien, dedicada a proteger el medio ambiente para las generaciones actuales y futuras. Con nuestras acciones, pretendemos ser un faro de sostenibilidad que ilumine el camino hacia un mundo m\u00e1s verde y pr\u00f3spero.<\/p>\t\t\t\t\t\t\t\t<\/div>\n\t\t\t\t<\/div>\n\t\t\t\t\t<\/div>\n\t\t\t\t<\/div>\n\t\t\t\t<\/div>","protected":false},"excerpt":{"rendered":"<p>\u00a0Introduction BarrelQ International B.V., a stalwart in the promotional industry, is unwavering in its commitment to environmental stewardship and sustainable business practices. As we navigate the complexities of today&#8217;s global landscape, we recognize the pivotal role businesses play in shaping the future of our planet. BarrelQ International B.V. stands at the forefront of this responsibility, [&hellip;]<\/p>\n","protected":false},"author":2,"featured_media":0,"parent":0,"menu_order":0,"comment_status":"closed","ping_status":"closed","template":"","meta":{"footnotes":""},"class_list":["post-3041","page","type-page","status-publish","hentry"],"_links":{"self":[{"href":"https:\/\/thebarrelqcompany.com\/es\/wp-json\/wp\/v2\/pages\/3041","targetHints":{"allow":["GET"]}}],"collection":[{"href":"https:\/\/thebarrelqcompany.com\/es\/wp-json\/wp\/v2\/pages"}],"about":[{"href":"https:\/\/thebarrelqcompany.com\/es\/wp-json\/wp\/v2\/types\/page"}],"author":[{"embeddable":true,"href":"https:\/\/thebarrelqcompany.com\/es\/wp-json\/wp\/v2\/users\/2"}],"replies":[{"embeddable":true,"href":"https:\/\/thebarrelqcompany.com\/es\/wp-json\/wp\/v2\/comments?post=3041"}],"version-history":[{"count":4,"href":"https:\/\/thebarrelqcompany.com\/es\/wp-json\/wp\/v2\/pages\/3041\/revisions"}],"predecessor-version":[{"id":3045,"href":"https:\/\/thebarrelqcompany.com\/es\/wp-json\/wp\/v2\/pages\/3041\/revisions\/3045"}],"wp:attachment":[{"href":"https:\/\/thebarrelqcompany.com\/es\/wp-json\/wp\/v2\/media?parent=3041"}],"curies":[{"name":"wp","href":"https:\/\/api.w.org\/{rel}","templated":true}]}}