{"id":3034,"date":"2026-03-05T14:22:21","date_gmt":"2026-03-05T14:22:21","guid":{"rendered":"https:\/\/thebarrelqcompany.com\/?page_id=3034"},"modified":"2026-03-05T14:24:44","modified_gmt":"2026-03-05T14:24:44","slug":"codigo-de-conducta-para-proveedores-y-socios","status":"publish","type":"page","link":"https:\/\/thebarrelqcompany.com\/es\/code-of-conduct-for-suppliers-and-partners\/","title":{"rendered":"C\u00f3digo de conducta para proveedores y socios"},"content":{"rendered":"<div data-elementor-type=\"wp-page\" data-elementor-id=\"3034\" class=\"elementor elementor-3034\" data-elementor-post-type=\"page\">\n\t\t\t\t<div class=\"elementor-element elementor-element-6b6f9f4 e-flex e-con-boxed e-con e-parent\" data-id=\"6b6f9f4\" data-element_type=\"container\" data-e-type=\"container\" data-settings=\"{&quot;jet_parallax_layout_list&quot;:[]}\">\n\t\t\t\t\t<div class=\"e-con-inner\">\n\t\t\t\t<div class=\"elementor-element elementor-element-ada92aa elementor-widget elementor-widget-text-editor\" data-id=\"ada92aa\" data-element_type=\"widget\" data-e-type=\"widget\" data-widget_type=\"text-editor.default\">\n\t\t\t\t<div class=\"elementor-widget-container\">\n\t\t\t\t\t\t\t\t\t<p><strong>Introducci\u00f3n<\/strong><\/p><p>The BarrelQ Company se compromete a llevar a cabo sus actividades comerciales de forma \u00e9tica y de conformidad con todas las leyes y normativas aplicables. Este C\u00f3digo de Conducta describe los principios y normas que The BarrelQ Company espera que sus proveedores y socios cumplan en sus actividades comerciales.<\/p><p><strong>Cumplimiento de la legislaci\u00f3n y la normativa\u00a0\u00a0\u00a0\u00a0\u00a0\u00a0\u00a0\u00a0\u00a0\u00a0\u00a0\u00a0\u00a0\u00a0\u00a0\u00a0\u00a0\u00a0\u00a0\u00a0\u00a0\u00a0\u00a0\u00a0\u00a0\u00a0\u00a0\u00a0\u00a0\u00a0\u00a0\u00a0\u00a0\u00a0\u00a0\u00a0\u00a0\u00a0\u00a0\u00a0\u00a0\u00a0\u00a0\u00a0\u00a0\u00a0\u00a0\u00a0\u00a0\u00a0\u00a0\u00a0\u00a0\u00a0\u00a0\u00a0\u00a0\u00a0\u00a0 <\/strong><\/p><p>Los proveedores y socios deben cumplir todas las leyes y normativas locales, nacionales e internacionales aplicables, con especial \u00e9nfasis en las de la Uni\u00f3n Europea. Esto incluye, entre otras, las leyes relacionadas con el trabajo, el medio ambiente, la salud y la seguridad, y la lucha contra la corrupci\u00f3n.<\/p><p><strong>Normas laborales<\/strong><\/p><p>Los proveedores y socios deben defender los derechos laborales fundamentales, incluido el derecho a asociarse libremente, el derecho a la negociaci\u00f3n colectiva y la prohibici\u00f3n del trabajo forzado y del trabajo infantil, de acuerdo con las normas de la Organizaci\u00f3n Internacional del Trabajo (OIT).<\/p><p><strong>Condiciones de trabajo<\/strong><\/p><p>Se espera que los proveedores y socios ofrezcan condiciones de trabajo seguras y saludables a sus empleados, incluido el cumplimiento de las leyes y normativas pertinentes sobre salud y seguridad en el trabajo.<\/p><p><strong>Anticorrupci\u00f3n<\/strong><\/p><p>Los proveedores y socios no participar\u00e1n en ninguna forma de soborno, corrupci\u00f3n, extorsi\u00f3n o cualquier otra pr\u00e1ctica comercial poco \u00e9tica. Todas las relaciones comerciales deben ser transparentes y llevarse a cabo con integridad.<\/p><p><strong>Responsabilidad medioambiental<\/strong><\/p><p>Los proveedores y socios deben cumplir las leyes y normativas medioambientales, minimizar el impacto ambiental y promover pr\u00e1cticas sostenibles. Esto incluye la correcta eliminaci\u00f3n de residuos, la eficiencia energ\u00e9tica y el abastecimiento responsable de materiales.<\/p><p><strong>Confidencialidad y propiedad intelectual<\/strong><\/p><p>Los proveedores y socios deben respetar y proteger la confidencialidad y la propiedad intelectual de The BarrelQ Company y sus clientes. Cualquier uso no autorizado o divulgaci\u00f3n de informaci\u00f3n confidencial est\u00e1 estrictamente prohibido.<\/p><p><strong>Competencia leal<\/strong><\/p><p>Los proveedores y socios deben promover la competencia leal y cumplir la legislaci\u00f3n antimonopolio y de defensa de la competencia. Quedan estrictamente prohibidas pr\u00e1cticas como la fijaci\u00f3n de precios, la manipulaci\u00f3n de licitaciones y otros comportamientos contrarios a la competencia.<\/p><p><strong>Notificaci\u00f3n de infracciones<\/strong><\/p><p>Se anima a los proveedores y socios a informar inmediatamente a The BarrelQ Company de cualquier infracci\u00f3n de este C\u00f3digo de Conducta. The BarrelQ Company se compromete a investigar y abordar las infracciones notificadas de forma justa y oportuna.<\/p><p>\u00a0<\/p><p>\u00a0<\/p><p>Alineaci\u00f3n con SMETA y ETI<br \/>Este C\u00f3digo de Conducta est\u00e1 en consonancia con el C\u00f3digo B\u00e1sico de la ETI y respalda el cumplimiento de los requisitos de la SMETA (Auditor\u00eda de Comercio \u00c9tico de los Miembros de Sedex).<\/p><p><br \/>Auditor\u00edas y control<br \/>The BarrelQ Company se reserva el derecho de evaluar y supervisar el cumplimiento de este C\u00f3digo de Conducta por parte de sus proveedores y socios. Esto puede incluir autoevaluaciones, revisiones de documentos o auditor\u00edas, incluidas las auditor\u00edas basadas en SMETA, realizadas directamente o por terceros. Se espera que los proveedores y socios cooperen plenamente con dichas evaluaciones.<\/p>\t\t\t\t\t\t\t\t<\/div>\n\t\t\t\t<\/div>\n\t\t\t\t\t<\/div>\n\t\t\t\t<\/div>\n\t\t\t\t<\/div>","protected":false},"excerpt":{"rendered":"<p>Introduction The BarrelQ Company is committed to conducting its business ethically and in compliance with all applicable laws and regulations. This Code of Conduct outlines the principles and standards that The BarrelQ Company expects its suppliers and partners to adhere to in their business activities. Compliance with Laws and Regulations\u00a0\u00a0\u00a0\u00a0\u00a0\u00a0\u00a0\u00a0\u00a0\u00a0\u00a0\u00a0\u00a0\u00a0\u00a0\u00a0\u00a0\u00a0\u00a0\u00a0\u00a0\u00a0\u00a0\u00a0\u00a0\u00a0\u00a0\u00a0\u00a0\u00a0\u00a0\u00a0\u00a0\u00a0\u00a0\u00a0\u00a0\u00a0\u00a0\u00a0\u00a0\u00a0\u00a0\u00a0\u00a0\u00a0\u00a0\u00a0\u00a0\u00a0\u00a0\u00a0\u00a0\u00a0\u00a0\u00a0\u00a0\u00a0\u00a0 Suppliers and partners must comply [&hellip;]<\/p>\n","protected":false},"author":2,"featured_media":0,"parent":0,"menu_order":0,"comment_status":"closed","ping_status":"closed","template":"","meta":{"footnotes":""},"class_list":["post-3034","page","type-page","status-publish","hentry"],"_links":{"self":[{"href":"https:\/\/thebarrelqcompany.com\/es\/wp-json\/wp\/v2\/pages\/3034","targetHints":{"allow":["GET"]}}],"collection":[{"href":"https:\/\/thebarrelqcompany.com\/es\/wp-json\/wp\/v2\/pages"}],"about":[{"href":"https:\/\/thebarrelqcompany.com\/es\/wp-json\/wp\/v2\/types\/page"}],"author":[{"embeddable":true,"href":"https:\/\/thebarrelqcompany.com\/es\/wp-json\/wp\/v2\/users\/2"}],"replies":[{"embeddable":true,"href":"https:\/\/thebarrelqcompany.com\/es\/wp-json\/wp\/v2\/comments?post=3034"}],"version-history":[{"count":3,"href":"https:\/\/thebarrelqcompany.com\/es\/wp-json\/wp\/v2\/pages\/3034\/revisions"}],"predecessor-version":[{"id":3037,"href":"https:\/\/thebarrelqcompany.com\/es\/wp-json\/wp\/v2\/pages\/3034\/revisions\/3037"}],"wp:attachment":[{"href":"https:\/\/thebarrelqcompany.com\/es\/wp-json\/wp\/v2\/media?parent=3034"}],"curies":[{"name":"wp","href":"https:\/\/api.w.org\/{rel}","templated":true}]}}