{"id":3041,"date":"2026-03-05T14:39:07","date_gmt":"2026-03-05T14:39:07","guid":{"rendered":"https:\/\/thebarrelqcompany.com\/?page_id=3041"},"modified":"2026-03-05T14:43:29","modified_gmt":"2026-03-05T14:43:29","slug":"umweltpolitik","status":"publish","type":"page","link":"https:\/\/thebarrelqcompany.com\/de\/environmental-policy\/","title":{"rendered":"Umweltpolitik"},"content":{"rendered":"<div data-elementor-type=\"wp-page\" data-elementor-id=\"3041\" class=\"elementor elementor-3041\" data-elementor-post-type=\"page\">\n\t\t\t\t<div class=\"elementor-element elementor-element-33a59cc e-flex e-con-boxed e-con e-parent\" data-id=\"33a59cc\" data-element_type=\"container\" data-e-type=\"container\" data-settings=\"{&quot;jet_parallax_layout_list&quot;:[]}\">\n\t\t\t\t\t<div class=\"e-con-inner\">\n\t\t\t\t<div class=\"elementor-element elementor-element-6ebc5d9 elementor-widget elementor-widget-text-editor\" data-id=\"6ebc5d9\" data-element_type=\"widget\" data-e-type=\"widget\" data-widget_type=\"text-editor.default\">\n\t\t\t\t<div class=\"elementor-widget-container\">\n\t\t\t\t\t\t\t\t\t<p><strong>\u00a0Einf\u00fchrung<\/strong><\/p><p>BarrelQ International B.V., ein fester Bestandteil der Werbemittelbranche, setzt sich unerm\u00fcdlich f\u00fcr den Umweltschutz und nachhaltige Gesch\u00e4ftspraktiken ein. W\u00e4hrend wir uns durch die Komplexit\u00e4t der heutigen globalen Landschaft bewegen, erkennen wir die zentrale Rolle, die Unternehmen bei der Gestaltung der Zukunft unseres Planeten spielen. BarrelQ International B.V. steht an der Spitze dieser Verantwortung und ist sich bewusst, dass unser Handeln mit dem Wohlergehen der Umwelt zusammenh\u00e4ngt.<\/p><p>In einer Zeit, in der \u00f6kologische Herausforderungen allgegenw\u00e4rtig sind, nimmt BarrelQ International B.V. die Verantwortung an, mit gutem Beispiel voranzugehen. Unser Engagement geht \u00fcber die Einhaltung von Gesetzen und Vorschriften hinaus; es geht \u00fcber eine proaktive Verpflichtung zur Minimierung unseres \u00f6kologischen Fu\u00dfabdrucks hinaus. Indem wir Umweltaspekte in die Struktur unserer Gesch\u00e4ftsabl\u00e4ufe einbeziehen, erf\u00fcllen wir nicht nur unsere unternehmerische Verantwortung, sondern tragen auch zu einer besseren, nachhaltigeren Zukunft bei.<\/p><p><strong>Kontinuierliche Verbesserung<\/strong><br \/>Die Verbesserung des Umweltschutzes ist ein st\u00e4ndiger Prozess bei BarrelQ International B.V. Das Unternehmen pr\u00fcft regelm\u00e4\u00dfig die M\u00f6glichkeiten zur Verbesserung der Energieeffizienz und zur Verringerung des Abfallaufkommens, wobei der Umfang und die Art der Gesch\u00e4ftst\u00e4tigkeit ber\u00fccksichtigt werden. Wo dies m\u00f6glich ist, werden praktische Verbesserungen im Rahmen des t\u00e4glichen Betriebs umgesetzt. Dieser Ansatz spiegelt das Engagement von BarrelQ International B.V. f\u00fcr verantwortungsvolle und nachhaltige Gesch\u00e4ftspraktiken wider.<\/p><p><strong>Schonung der Ressourcen:<\/strong><\/p><p>BarrelQ International B.V. ist stolz darauf, 90% seiner Waren vor Ort, in den BeNeLux-L\u00e4ndern und in der Europ\u00e4ischen Union zu produzieren. Abgesehen von geografischen Erw\u00e4gungen arbeiten wir aktiv mit Partnern zusammen, die unsere Werte teilen, und f\u00f6rdern so eine Lieferkette, die auf Nachhaltigkeit beruht. Unser Ziel ist es, 100% lokale Produktion zu erreichen, ein Beweis f\u00fcr unser Engagement, den Ressourcenverbrauch zu minimieren und die lokale Wirtschaft zu unterst\u00fctzen.<\/p><p>In unserem Streben nach Ressourcenschonung erkennen wir, dass nachhaltige Praktiken Hand in Hand mit dem Engagement unserer Lieferanten gehen. W\u00e4hrend wir derzeit die geografische N\u00e4he bevorzugen, stellen wir uns f\u00fcr die Zukunft eine Zusammenarbeit mit Lieferanten vor, die umweltvertr\u00e4gliche Praktiken einhalten und m\u00f6glicherweise Branchenzertifizierungen und -standards \u00fcbernehmen.<\/p><p><strong>Abfallreduzierung und -management<\/strong><\/p><p>Abfallvermeidung ist ein wesentlicher Bestandteil unserer Umweltagenda. Neben der lobenswerten Praxis der Abfalltrennung in unserem B\u00fcro suchen wir nach M\u00f6glichkeiten f\u00fcr nachhaltige Verpackungsmaterialien. BarrelQ International B.V. verwendet nachhaltigen Karton f\u00fcr Verpackungen, was unser Engagement f\u00fcr die Minimierung von Abfall und die F\u00f6rderung umweltfreundlicher Alternativen unterstreicht.<\/p><p>Bei der kontinuierlichen Bewertung unserer Verpackungspraktiken liegt unser Schwerpunkt auf Innovation. Unser Ziel ist es, bei der Entwicklung und Einf\u00fchrung von Verpackungsmaterialien, die nicht nur unsere Umweltauswirkungen verringern, sondern auch in der Branche Ma\u00dfst\u00e4be f\u00fcr nachhaltige Verpackungen setzen, f\u00fchrend zu sein.<\/p><p><strong>Produktdesign und Lebenszyklus<\/strong><\/p><p>In unserem aktuellen Produktportfolio von F\u00e4ssern und Zusatzprodukten erkennen wir die Bedeutung der Ber\u00fccksichtigung von Umweltfaktoren beim Design und w\u00e4hrend des gesamten Produktlebenszyklus an. Obwohl unser unmittelbarer Fokus auf diesen Produkten liegt, sind wir offen f\u00fcr die Erforschung alternativer nachhaltiger Materialien f\u00fcr zuk\u00fcnftige Produktlinien.<\/p><p>Die Komplexit\u00e4t der Wiederaufbereitung von F\u00e4ssern hat uns dazu veranlasst, die Nachhaltigkeit dieses Prozesses zu hinterfragen. Wir verwenden derzeit F\u00e4sser, die recycelten Stahl enthalten, und w\u00e4gen bei unserer Vorgehensweise Umweltauswirkungen und Haltbarkeit sorgf\u00e4ltig ab. Diese Sorgfalt spiegelt unser Engagement wider, Innovation und Umweltverantwortung in Einklang zu bringen.<\/p><p><strong>Engagement der Lieferanten<\/strong><\/p><p>Unser Engagement f\u00fcr Nachhaltigkeit erstreckt sich auch auf unsere Zulieferer. W\u00e4hrend wir derzeit das Bewusstsein f\u00fcr nachhaltige Praktiken f\u00f6rdern, veranlasst uns die sich entwickelnde Landschaft dazu, die Integration spezifischer Kriterien und Standards f\u00fcr Lieferanten zu untersuchen. W\u00e4hrend wir Branchenzertifizierungen in Betracht ziehen, m\u00f6chte BarrelQ International B.V. Ma\u00dfst\u00e4be f\u00fcr umweltbewusste Praktiken innerhalb unserer Lieferkette setzen.<\/p><p><strong>Mitarbeiterengagement und Schulung<\/strong><\/p><p>BarrelQ International B.V. ist sich bewusst, dass die F\u00f6rderung einer Kultur der Nachhaltigkeit bei unseren Teammitgliedern beginnt. Die Umsetzung von Schulungsprogrammen zielt darauf ab, die L\u00fccke zwischen Bewusstsein und umsetzbarem Wissen zu schlie\u00dfen. Wenn wir unsere Mitarbeiter mit dem Verst\u00e4ndnis f\u00fcr ihre Auswirkungen ausstatten, stellen wir uns ein Team vor, das aktiv zu unseren Umweltzielen beitr\u00e4gt.<\/p><p>Bei der Planung von Schulungsprogrammen arbeiten wir mit Experten und Organisationen zusammen, die sich auf Umwelterziehung spezialisiert haben. Indem wir externes Fachwissen nutzen, bereichern wir die Schulungserfahrung und stellen sicher, dass unser Team die umfassendsten und aktuellsten Informationen \u00fcber bew\u00e4hrte Umweltpraktiken erh\u00e4lt.<\/p><p><strong>Kommunikation und Transparenz<\/strong><\/p><p>Transparenz ist das A und O auf unserem Weg zum Umweltschutz. W\u00e4hrend des Aufbaus unserer Website wird der entsprechende Bereich als umfassende Plattform dienen. Der Bereich wird nicht nur Initiativen vorstellen, sondern auch wichtige Leistungskennzahlen, Erfolge, laufende Bem\u00fchungen und die Geschichten, die unser Engagement f\u00fcr den Umweltschutz ausmachen, umfassen.<\/p><p>Die Einf\u00fchrung dieses Bereichs bis Ende des Jahres spiegelt unser Engagement wider, den Interessengruppen einen offenen und transparenten Einblick in die Umweltinitiativen von BarrelQ International B.V. zu geben. Durch die Nutzung unserer Online-Pr\u00e4senz m\u00f6chten wir unsere Gemeinschaft in einen Dialog \u00fcber Nachhaltigkeit einbinden und zur Zusammenarbeit und gemeinsamen Verantwortung einladen.<\/p><p><strong>Bereitschaft f\u00fcr Notf\u00e4lle<\/strong><\/p><p>In Anbetracht der Unvorhersehbarkeit von Umweltkatastrophen entwickelt BarrelQ International B.V. aktiv Notfallpl\u00e4ne. Auch wenn die konkreten Szenarien noch nicht feststehen, wollen wir sicherstellen, dass unsere Organisation darauf vorbereitet ist, auf unvorhergesehene Umweltvorf\u00e4lle effektiv zu reagieren. Dieser proaktive Ansatz ist ein Beweis f\u00fcr unser Engagement f\u00fcr die Sicherheit und das Wohlergehen unseres Teams und der Umwelt.<\/p><p><strong>Kohlenstoff und Klimabewusstsein<\/strong><\/p><p>BarrelQ International B.V. ist sich bewusst, dass seine Gesch\u00e4ftst\u00e4tigkeit indirekt zu den Kohlenstoffemissionen beitr\u00e4gt, vor allem durch Energieverbrauch und Transport. Entsprechend dem Umfang und der Art des Unternehmens werden kohlenstoffbezogene Aspekte auf einer grundlegenden Bewusstseinsebene ber\u00fccksichtigt. Die M\u00f6glichkeiten zur Verringerung der Umweltauswirkungen werden im Rahmen der t\u00e4glichen betrieblichen Entscheidungen pragmatisch gepr\u00fcft.<\/p><p><strong>\u00dcberpr\u00fcfung und Verantwortung<\/strong><\/p><p>J\u00e4hrliche \u00dcberpr\u00fcfungen unserer Umweltpolitik sind ein wesentlicher Bestandteil unserer Verpflichtung zu kontinuierlicher Relevanz und Effektivit\u00e4t. Gerben Bierbooms \u00fcbernimmt in Zusammenarbeit mit dem gesamten Team die Verantwortung f\u00fcr die Umsetzung und Einhaltung dieser Politik. Durch die F\u00f6rderung eines kollektiven Verantwortungsbewusstseins strebt BarrelQ International B.V. eine kontinuierliche Verbesserung seiner Umweltleistung an.<\/p><p><strong>Fazit<\/strong><\/p><p>Zusammenfassend l\u00e4sst sich sagen, dass BarrelQ International B.V. fest entschlossen ist, ein verantwortungsbewusster Unternehmensb\u00fcrger zu sein. Diese Umweltpolitik ist nicht nur eine Reihe von Richtlinien, sondern ein lebendiges Zeugnis unseres Engagements f\u00fcr einen hervorragenden Umweltschutz. Unser Weg ist gepr\u00e4gt von einer Mischung aus Innovation, Verantwortung und dem festen Glauben an den positiven Einfluss, den Unternehmen auf die Umwelt haben k\u00f6nnen.<\/p><p>W\u00e4hrend wir uns durch die Komplexit\u00e4t unserer Branche bewegen, sind wir weiterhin bestrebt, neue Standards zu setzen, Normen herauszufordern und positive Ver\u00e4nderungen anzuregen. BarrelQ International B.V. ist nicht nur ein Unternehmen, sondern eine Kraft f\u00fcr das Gute, die sich dem Schutz der Umwelt f\u00fcr heutige und zuk\u00fcnftige Generationen verschrieben hat. Durch unser Handeln wollen wir ein Leuchtturm der Nachhaltigkeit sein und einen Weg zu einer gr\u00fcneren und wohlhabenderen Welt aufzeigen.<\/p>\t\t\t\t\t\t\t\t<\/div>\n\t\t\t\t<\/div>\n\t\t\t\t\t<\/div>\n\t\t\t\t<\/div>\n\t\t\t\t<\/div>","protected":false},"excerpt":{"rendered":"<p>\u00a0Introduction BarrelQ International B.V., a stalwart in the promotional industry, is unwavering in its commitment to environmental stewardship and sustainable business practices. As we navigate the complexities of today&#8217;s global landscape, we recognize the pivotal role businesses play in shaping the future of our planet. BarrelQ International B.V. stands at the forefront of this responsibility, [&hellip;]<\/p>\n","protected":false},"author":2,"featured_media":0,"parent":0,"menu_order":0,"comment_status":"closed","ping_status":"closed","template":"","meta":{"footnotes":""},"class_list":["post-3041","page","type-page","status-publish","hentry"],"_links":{"self":[{"href":"https:\/\/thebarrelqcompany.com\/de\/wp-json\/wp\/v2\/pages\/3041","targetHints":{"allow":["GET"]}}],"collection":[{"href":"https:\/\/thebarrelqcompany.com\/de\/wp-json\/wp\/v2\/pages"}],"about":[{"href":"https:\/\/thebarrelqcompany.com\/de\/wp-json\/wp\/v2\/types\/page"}],"author":[{"embeddable":true,"href":"https:\/\/thebarrelqcompany.com\/de\/wp-json\/wp\/v2\/users\/2"}],"replies":[{"embeddable":true,"href":"https:\/\/thebarrelqcompany.com\/de\/wp-json\/wp\/v2\/comments?post=3041"}],"version-history":[{"count":4,"href":"https:\/\/thebarrelqcompany.com\/de\/wp-json\/wp\/v2\/pages\/3041\/revisions"}],"predecessor-version":[{"id":3045,"href":"https:\/\/thebarrelqcompany.com\/de\/wp-json\/wp\/v2\/pages\/3041\/revisions\/3045"}],"wp:attachment":[{"href":"https:\/\/thebarrelqcompany.com\/de\/wp-json\/wp\/v2\/media?parent=3041"}],"curies":[{"name":"wp","href":"https:\/\/api.w.org\/{rel}","templated":true}]}}