{"id":3034,"date":"2026-03-05T14:22:21","date_gmt":"2026-03-05T14:22:21","guid":{"rendered":"https:\/\/thebarrelqcompany.com\/?page_id=3034"},"modified":"2026-03-05T14:24:44","modified_gmt":"2026-03-05T14:24:44","slug":"verhaltenskodex-fur-lieferanten-und-partner","status":"publish","type":"page","link":"https:\/\/thebarrelqcompany.com\/de\/code-of-conduct-for-suppliers-and-partners\/","title":{"rendered":"Verhaltenskodex f\u00fcr Zulieferer und Partner"},"content":{"rendered":"<div data-elementor-type=\"wp-page\" data-elementor-id=\"3034\" class=\"elementor elementor-3034\" data-elementor-post-type=\"page\">\n\t\t\t\t<div class=\"elementor-element elementor-element-6b6f9f4 e-flex e-con-boxed e-con e-parent\" data-id=\"6b6f9f4\" data-element_type=\"container\" data-e-type=\"container\" data-settings=\"{&quot;jet_parallax_layout_list&quot;:[]}\">\n\t\t\t\t\t<div class=\"e-con-inner\">\n\t\t\t\t<div class=\"elementor-element elementor-element-ada92aa elementor-widget elementor-widget-text-editor\" data-id=\"ada92aa\" data-element_type=\"widget\" data-e-type=\"widget\" data-widget_type=\"text-editor.default\">\n\t\t\t\t<div class=\"elementor-widget-container\">\n\t\t\t\t\t\t\t\t\t<p><strong>Einf\u00fchrung<\/strong><\/p><p>The BarrelQ Company verpflichtet sich, seine Gesch\u00e4fte nach ethischen Grunds\u00e4tzen und in \u00dcbereinstimmung mit allen geltenden Gesetzen und Vorschriften zu f\u00fchren. Dieser Verhaltenskodex umrei\u00dft die Prinzipien und Standards, die The BarrelQ Company von seinen Lieferanten und Partnern erwartet, dass sie sich bei ihren gesch\u00e4ftlichen Aktivit\u00e4ten an diese halten.<\/p><p><strong>Einhaltung von Gesetzen und Vorschriften\u00a0\u00a0\u00a0\u00a0\u00a0\u00a0\u00a0\u00a0\u00a0\u00a0\u00a0\u00a0\u00a0\u00a0\u00a0\u00a0\u00a0\u00a0\u00a0\u00a0\u00a0\u00a0\u00a0\u00a0\u00a0\u00a0\u00a0\u00a0\u00a0\u00a0\u00a0\u00a0\u00a0\u00a0\u00a0\u00a0\u00a0\u00a0\u00a0\u00a0\u00a0\u00a0\u00a0\u00a0\u00a0\u00a0\u00a0\u00a0\u00a0\u00a0\u00a0\u00a0\u00a0\u00a0\u00a0\u00a0\u00a0\u00a0\u00a0 <\/strong><\/p><p>Lieferanten und Partner m\u00fcssen alle anwendbaren lokalen, nationalen und internationalen Gesetze und Vorschriften einhalten, mit besonderem Schwerpunkt auf den f\u00fcr die Europ\u00e4ische Union relevanten Gesetzen. Dazu geh\u00f6ren unter anderem Gesetze in den Bereichen Arbeit, Umwelt, Gesundheit und Sicherheit sowie Korruptionsbek\u00e4mpfung.<\/p><p><strong>Arbeitsnormen<\/strong><\/p><p>Lieferanten und Partner m\u00fcssen die grundlegenden Arbeitsrechte, einschlie\u00dflich des Rechts auf Vereinigungsfreiheit, des Rechts auf Kollektivverhandlungen und des Verbots von Zwangs- und Kinderarbeit, in \u00dcbereinstimmung mit den Normen der Internationalen Arbeitsorganisation (ILO) wahren.<\/p><p><strong>Arbeitsbedingungen<\/strong><\/p><p>Von Lieferanten und Partnern wird erwartet, dass sie ihren Mitarbeitern sichere und gesunde Arbeitsbedingungen bieten, einschlie\u00dflich der Einhaltung einschl\u00e4giger Gesetze und Vorschriften zur Gesundheit und Sicherheit am Arbeitsplatz.<\/p><p><strong>Korruptionsbek\u00e4mpfung<\/strong><\/p><p>Lieferanten und Partner d\u00fcrfen sich in keiner Form an Bestechung, Korruption, Erpressung oder anderen unethischen Gesch\u00e4ftspraktiken beteiligen. Alle Gesch\u00e4ftsvorg\u00e4nge m\u00fcssen transparent und integer sein.<\/p><p><strong>Verantwortung f\u00fcr die Umwelt<\/strong><\/p><p>Zulieferer und Partner m\u00fcssen die Umweltgesetze und -vorschriften einhalten, die Umweltauswirkungen minimieren und nachhaltige Praktiken f\u00f6rdern. Dazu geh\u00f6ren eine ordnungsgem\u00e4\u00dfe Abfallentsorgung, Energieeffizienz und eine verantwortungsvolle Beschaffung von Materialien.<\/p><p><strong>Vertraulichkeit und geistiges Eigentum<\/strong><\/p><p>Lieferanten und Partner m\u00fcssen die Vertraulichkeit und das geistige Eigentum von The BarrelQ Company und seinen Kunden respektieren und sch\u00fctzen. Jegliche unbefugte Nutzung oder Weitergabe von vertraulichen Informationen ist strengstens untersagt.<\/p><p><strong>Fairer Wettbewerb<\/strong><\/p><p>Lieferanten und Partner m\u00fcssen den fairen Wettbewerb f\u00f6rdern und die Kartell- und Wettbewerbsgesetze einhalten. Praktiken wie Preisabsprachen, Angebotsabsprachen und andere wettbewerbswidrige Verhaltensweisen sind streng verboten.<\/p><p><strong>Meldung von Verst\u00f6\u00dfen<\/strong><\/p><p>Lieferanten und Partner sind aufgefordert, Verst\u00f6\u00dfe gegen diesen Verhaltenskodex unverz\u00fcglich an The BarrelQ Company zu melden. The BarrelQ Company verpflichtet sich, gemeldete Verst\u00f6\u00dfe auf faire und zeitnahe Weise zu untersuchen und zu beheben.<\/p><p>\u00a0<\/p><p>\u00a0<\/p><p>Angleichung an SMETA und ETI<br \/>Dieser Verhaltenskodex ist auf den ETI-Basiskodex abgestimmt und unterst\u00fctzt die Einhaltung der SMETA-Anforderungen (Sedex Members Ethical Trade Audit).<\/p><p><br \/>Audits und \u00dcberwachung<br \/>The BarrelQ Company beh\u00e4lt sich das Recht vor, die Einhaltung dieses Verhaltenskodex durch seine Lieferanten und Partner zu bewerten und zu \u00fcberwachen. Dies kann Selbstbewertungen, Dokumentenpr\u00fcfungen oder Audits, einschlie\u00dflich SMETA-basierter Audits, die direkt oder durch Dritte durchgef\u00fchrt werden, beinhalten. Von den Lieferanten und Partnern wird erwartet, dass sie bei solchen Beurteilungen uneingeschr\u00e4nkt kooperieren.<\/p>\t\t\t\t\t\t\t\t<\/div>\n\t\t\t\t<\/div>\n\t\t\t\t\t<\/div>\n\t\t\t\t<\/div>\n\t\t\t\t<\/div>","protected":false},"excerpt":{"rendered":"<p>Introduction The BarrelQ Company is committed to conducting its business ethically and in compliance with all applicable laws and regulations. This Code of Conduct outlines the principles and standards that The BarrelQ Company expects its suppliers and partners to adhere to in their business activities. Compliance with Laws and Regulations\u00a0\u00a0\u00a0\u00a0\u00a0\u00a0\u00a0\u00a0\u00a0\u00a0\u00a0\u00a0\u00a0\u00a0\u00a0\u00a0\u00a0\u00a0\u00a0\u00a0\u00a0\u00a0\u00a0\u00a0\u00a0\u00a0\u00a0\u00a0\u00a0\u00a0\u00a0\u00a0\u00a0\u00a0\u00a0\u00a0\u00a0\u00a0\u00a0\u00a0\u00a0\u00a0\u00a0\u00a0\u00a0\u00a0\u00a0\u00a0\u00a0\u00a0\u00a0\u00a0\u00a0\u00a0\u00a0\u00a0\u00a0\u00a0\u00a0 Suppliers and partners must comply [&hellip;]<\/p>\n","protected":false},"author":2,"featured_media":0,"parent":0,"menu_order":0,"comment_status":"closed","ping_status":"closed","template":"","meta":{"footnotes":""},"class_list":["post-3034","page","type-page","status-publish","hentry"],"_links":{"self":[{"href":"https:\/\/thebarrelqcompany.com\/de\/wp-json\/wp\/v2\/pages\/3034","targetHints":{"allow":["GET"]}}],"collection":[{"href":"https:\/\/thebarrelqcompany.com\/de\/wp-json\/wp\/v2\/pages"}],"about":[{"href":"https:\/\/thebarrelqcompany.com\/de\/wp-json\/wp\/v2\/types\/page"}],"author":[{"embeddable":true,"href":"https:\/\/thebarrelqcompany.com\/de\/wp-json\/wp\/v2\/users\/2"}],"replies":[{"embeddable":true,"href":"https:\/\/thebarrelqcompany.com\/de\/wp-json\/wp\/v2\/comments?post=3034"}],"version-history":[{"count":3,"href":"https:\/\/thebarrelqcompany.com\/de\/wp-json\/wp\/v2\/pages\/3034\/revisions"}],"predecessor-version":[{"id":3037,"href":"https:\/\/thebarrelqcompany.com\/de\/wp-json\/wp\/v2\/pages\/3034\/revisions\/3037"}],"wp:attachment":[{"href":"https:\/\/thebarrelqcompany.com\/de\/wp-json\/wp\/v2\/media?parent=3034"}],"curies":[{"name":"wp","href":"https:\/\/api.w.org\/{rel}","templated":true}]}}